{"id":28,"date":"2025-05-23T20:27:41","date_gmt":"2025-05-23T18:27:41","guid":{"rendered":"https:\/\/rendimientoconciencia.com\/?page_id=28"},"modified":"2025-06-20T19:05:39","modified_gmt":"2025-06-20T17:05:39","slug":"rendimiento-con-ciencia","status":"publish","type":"page","link":"https:\/\/rendimientoconciencia.com\/","title":{"rendered":"Rendimiento CON-CIENCIA"},"content":{"rendered":"<section class=\"bde-section-28-107 bde-section\">\n  \n  \n\t\n\n\n\n<div class=\"section-container\"><div class=\"bde-div-28-112 bde-div\">\n  \n  \n\t\n\n\n\n<img decoding=\"async\" class=\"bde-image2-28-113 bde-image2\" src=\"https:\/\/rendimientoconciencia.com\/wp-content\/uploads\/Rendimiento-Con-Ciencia_Logotipo.png\" loading=\"lazy\" srcset=\"https:\/\/rendimientoconciencia.com\/wp-content\/uploads\/Rendimiento-Con-Ciencia_Logotipo.png 600w, https:\/\/rendimientoconciencia.com\/wp-content\/uploads\/Rendimiento-Con-Ciencia_Logotipo-300x206.png 300w\" sizes=\"(max-width: 600px) 100vw, 600px\">\n<\/div><\/div>\n<\/section><section class=\"bde-section-28-119 bde-section\">\n  \n  \n\t\n\n\n\n<div class=\"section-container\"><div class=\"bde-columns-28-120 bde-columns\"><div class=\"bde-column-28-121 bde-column\">\n  \n  \n\t\n\n\n\n<img decoding=\"async\" class=\"bde-image2-28-123 bde-image2\" src=\"https:\/\/rendimientoconciencia.com\/wp-content\/uploads\/Rendimiento-Con-Ciencia_Doctora-Ericka-Flores-Berrios.webp\" loading=\"lazy\" srcset=\"https:\/\/rendimientoconciencia.com\/wp-content\/uploads\/Rendimiento-Con-Ciencia_Doctora-Ericka-Flores-Berrios.webp 600w, https:\/\/rendimientoconciencia.com\/wp-content\/uploads\/Rendimiento-Con-Ciencia_Doctora-Ericka-Flores-Berrios-300x300.webp 300w, https:\/\/rendimientoconciencia.com\/wp-content\/uploads\/Rendimiento-Con-Ciencia_Doctora-Ericka-Flores-Berrios-150x150.webp 150w\" sizes=\"(max-width: 600px) 100vw, 600px\">\n<\/div><div class=\"bde-column-28-122 bde-column\">\n  \n  \n\t\n\n\n\n<div class=\"bde-div-28-127 bde-div\">\n  \n  \n\t\n\n\n\n<h1 class=\"bde-heading-28-124 bde-heading\">\nRENDIMIENTO CON-CIENCIA\n<\/h1><div class=\"bde-text-28-125 bde-text\">\nEl espacio donde la ciencia habla y el rendimiento explica.\n<\/div>\n<\/div><div class=\"bde-text-28-126 bde-text\">\nDescubre c\u00f3mo la biolog\u00eda y la suplementaci\u00f3n basada en evidencia pueden transformar tu bienestar.\n<\/div><div class=\"bde-div-28-128 bde-div\">\n  \n  \n\t\n\n\n\n<a class=\"bde-container-link-28-134 bde-container-link breakdance-link\" href=\"https:\/\/youtube.com\/@rendimientocon-ciencia?si=xnKNm1_JvGfFDu5z\" target=\"_blank\" data-type=\"url\">\n  \n  \n\t\n\n\n\n<img decoding=\"async\" class=\"bde-image2-28-129 bde-image2\" src=\"https:\/\/rendimientoconciencia.com\/wp-content\/uploads\/Rendimiento-Con-Ciencia_Podcast_Plataformas_YouTube.png\" loading=\"lazy\" sizes=\"(max-width: 300px) 100vw, 300px\">\n\n<\/a><a class=\"bde-container-link-28-135 bde-container-link breakdance-link\" href=\"https:\/\/open.spotify.com\/show\/7zn5zJiMaq2sx972xMLu38?si=_4lOpZxJQlSObiw-w_6pCg\" target=\"_blank\" data-type=\"url\">\n  \n  \n\t\n\n\n\n<img decoding=\"async\" class=\"bde-image2-28-130 bde-image2\" src=\"https:\/\/rendimientoconciencia.com\/wp-content\/uploads\/Rendimiento-Con-Ciencia_Podcast_Plataformas_Spotify.png\" loading=\"lazy\" sizes=\"(max-width: 300px) 100vw, 300px\">\n\n<\/a><a class=\"bde-container-link-28-136 bde-container-link breakdance-link\" href=\"https:\/\/podcasts.apple.com\/mx\/podcast\/rendimiento-con-ciencia\/id1820001453\" target=\"_blank\" data-type=\"url\">\n  \n  \n\t\n\n\n\n<img decoding=\"async\" class=\"bde-image2-28-137 bde-image2\" src=\"https:\/\/rendimientoconciencia.com\/wp-content\/uploads\/Rendimiento-Con-Ciencia_Podcast_Plataformas_Apple-Podcasts.png\" loading=\"lazy\" sizes=\"(max-width: 300px) 100vw, 300px\">\n\n<\/a>\n<\/div>\n<\/div><\/div><\/div>\n<\/section><section class=\"bde-section-28-114 bde-section\">\n  \n  \n\t\n\n\n\n<div class=\"section-container\"><div class=\"bde-div-28-117 bde-div\">\n  \n  \n\t\n\n\n\n<h2 class=\"bde-heading-28-131 bde-heading\">\nACERCA DE\n<\/h2><div class=\"bde-text-28-132 bde-text\">\nEn este podcast, aprender\u00e1s c\u00f3mo los avances cient\u00edficos en biolog\u00eda pueden transformar tu rendimiento f\u00edsico y potenciar tu bienestar. Prep\u00e1rate para descubrir la ciencia detr\u00e1s de los suplementos que te ayudan a alcanzar tu m\u00e1ximo potencial.\n<\/div>\n<\/div><img decoding=\"async\" class=\"bde-image2-28-133 bde-image2\" src=\"https:\/\/rendimientoconciencia.com\/wp-content\/uploads\/Rendimiento-Con-Ciencia_Codigo-Spotify.png\" loading=\"lazy\" srcset=\"https:\/\/rendimientoconciencia.com\/wp-content\/uploads\/Rendimiento-Con-Ciencia_Codigo-Spotify.png 400w, https:\/\/rendimientoconciencia.com\/wp-content\/uploads\/Rendimiento-Con-Ciencia_Codigo-Spotify-240x300.png 240w\" sizes=\"(max-width: 400px) 100vw, 400px\"><\/div>\n<\/section>","protected":false},"excerpt":{"rendered":"<p>RENDIMIENTO CON-CIENCIA El espacio donde la ciencia habla y el rendimiento explica. Descubre c\u00f3mo la biolog\u00eda y la suplementaci\u00f3n basada en evidencia pueden transformar tu bienestar. ACERCA DE En este podcast, aprender\u00e1s c\u00f3mo los avances cient\u00edficos en biolog\u00eda pueden transformar tu rendimiento f\u00edsico y potenciar tu bienestar. Prep\u00e1rate para descubrir la ciencia detr\u00e1s de los [&hellip;]<\/p>\n","protected":false},"author":1,"featured_media":0,"parent":0,"menu_order":0,"comment_status":"closed","ping_status":"closed","template":"","meta":{"_breakdance_hide_in_design_set":false,"_breakdance_tags":"","footnotes":""},"class_list":["post-28","page","type-page","status-publish","hentry"],"yoast_head":"<!-- This site is optimized with the Yoast SEO plugin v25.3.1 - https:\/\/yoast.com\/wordpress\/plugins\/seo\/ -->\n<title>Rendimiento CON-CIENCIA - Rendimiento Con-Ciencia<\/title>\n<meta name=\"description\" content=\"En este podcast, aprender\u00e1s c\u00f3mo los avances cient\u00edficos en biolog\u00eda pueden transformar tu rendimiento f\u00edsico y potenciar tu bienestar.\" \/>\n<meta name=\"robots\" content=\"index, follow, max-snippet:-1, max-image-preview:large, max-video-preview:-1\" \/>\n<link rel=\"canonical\" href=\"https:\/\/rendimientoconciencia.com\/\" \/>\n<meta property=\"og:locale\" content=\"es_ES\" \/>\n<meta property=\"og:type\" content=\"article\" \/>\n<meta property=\"og:title\" content=\"Rendimiento CON-CIENCIA - Rendimiento Con-Ciencia\" \/>\n<meta property=\"og:description\" content=\"En este podcast, aprender\u00e1s c\u00f3mo los avances cient\u00edficos en biolog\u00eda pueden transformar tu rendimiento f\u00edsico y potenciar tu bienestar.\" \/>\n<meta property=\"og:url\" content=\"https:\/\/rendimientoconciencia.com\/\" \/>\n<meta property=\"og:site_name\" content=\"Rendimiento Con-Ciencia\" \/>\n<meta property=\"article:modified_time\" content=\"2025-06-20T17:05:39+00:00\" \/>\n<meta name=\"twitter:card\" content=\"summary_large_image\" \/>\n<script type=\"application\/ld+json\" class=\"yoast-schema-graph\">{\"@context\":\"https:\/\/schema.org\",\"@graph\":[{\"@type\":\"WebPage\",\"@id\":\"https:\/\/rendimientoconciencia.com\/\",\"url\":\"https:\/\/rendimientoconciencia.com\/\",\"name\":\"Rendimiento CON-CIENCIA - Rendimiento Con-Ciencia\",\"isPartOf\":{\"@id\":\"https:\/\/rendimientoconciencia.com\/#website\"},\"datePublished\":\"2025-05-23T18:27:41+00:00\",\"dateModified\":\"2025-06-20T17:05:39+00:00\",\"description\":\"En este podcast, aprender\u00e1s c\u00f3mo los avances cient\u00edficos en biolog\u00eda pueden transformar tu rendimiento f\u00edsico y potenciar tu bienestar.\",\"breadcrumb\":{\"@id\":\"https:\/\/rendimientoconciencia.com\/#breadcrumb\"},\"inLanguage\":\"es\",\"potentialAction\":[{\"@type\":\"ReadAction\",\"target\":[\"https:\/\/rendimientoconciencia.com\/\"]}]},{\"@type\":\"BreadcrumbList\",\"@id\":\"https:\/\/rendimientoconciencia.com\/#breadcrumb\",\"itemListElement\":[{\"@type\":\"ListItem\",\"position\":1,\"name\":\"Portada\",\"item\":\"https:\/\/rendimientoconciencia.com\/\"},{\"@type\":\"ListItem\",\"position\":2,\"name\":\"Rendimiento CON-CIENCIA\"}]},{\"@type\":\"WebSite\",\"@id\":\"https:\/\/rendimientoconciencia.com\/#website\",\"url\":\"https:\/\/rendimientoconciencia.com\/\",\"name\":\"Rendimiento Con-Ciencia\",\"description\":\"\",\"potentialAction\":[{\"@type\":\"SearchAction\",\"target\":{\"@type\":\"EntryPoint\",\"urlTemplate\":\"https:\/\/rendimientoconciencia.com\/?s={search_term_string}\"},\"query-input\":{\"@type\":\"PropertyValueSpecification\",\"valueRequired\":true,\"valueName\":\"search_term_string\"}}],\"inLanguage\":\"es\"}]}<\/script>\n<!-- \/ Yoast SEO plugin. -->","yoast_head_json":{"title":"Rendimiento CON-CIENCIA - Rendimiento Con-Ciencia","description":"En este podcast, aprender\u00e1s c\u00f3mo los avances cient\u00edficos en biolog\u00eda pueden transformar tu rendimiento f\u00edsico y potenciar tu bienestar.","robots":{"index":"index","follow":"follow","max-snippet":"max-snippet:-1","max-image-preview":"max-image-preview:large","max-video-preview":"max-video-preview:-1"},"canonical":"https:\/\/rendimientoconciencia.com\/","og_locale":"es_ES","og_type":"article","og_title":"Rendimiento CON-CIENCIA - Rendimiento Con-Ciencia","og_description":"En este podcast, aprender\u00e1s c\u00f3mo los avances cient\u00edficos en biolog\u00eda pueden transformar tu rendimiento f\u00edsico y potenciar tu bienestar.","og_url":"https:\/\/rendimientoconciencia.com\/","og_site_name":"Rendimiento Con-Ciencia","article_modified_time":"2025-06-20T17:05:39+00:00","twitter_card":"summary_large_image","schema":{"@context":"https:\/\/schema.org","@graph":[{"@type":"WebPage","@id":"https:\/\/rendimientoconciencia.com\/","url":"https:\/\/rendimientoconciencia.com\/","name":"Rendimiento CON-CIENCIA - Rendimiento Con-Ciencia","isPartOf":{"@id":"https:\/\/rendimientoconciencia.com\/#website"},"datePublished":"2025-05-23T18:27:41+00:00","dateModified":"2025-06-20T17:05:39+00:00","description":"En este podcast, aprender\u00e1s c\u00f3mo los avances cient\u00edficos en biolog\u00eda pueden transformar tu rendimiento f\u00edsico y potenciar tu bienestar.","breadcrumb":{"@id":"https:\/\/rendimientoconciencia.com\/#breadcrumb"},"inLanguage":"es","potentialAction":[{"@type":"ReadAction","target":["https:\/\/rendimientoconciencia.com\/"]}]},{"@type":"BreadcrumbList","@id":"https:\/\/rendimientoconciencia.com\/#breadcrumb","itemListElement":[{"@type":"ListItem","position":1,"name":"Portada","item":"https:\/\/rendimientoconciencia.com\/"},{"@type":"ListItem","position":2,"name":"Rendimiento CON-CIENCIA"}]},{"@type":"WebSite","@id":"https:\/\/rendimientoconciencia.com\/#website","url":"https:\/\/rendimientoconciencia.com\/","name":"Rendimiento Con-Ciencia","description":"","potentialAction":[{"@type":"SearchAction","target":{"@type":"EntryPoint","urlTemplate":"https:\/\/rendimientoconciencia.com\/?s={search_term_string}"},"query-input":{"@type":"PropertyValueSpecification","valueRequired":true,"valueName":"search_term_string"}}],"inLanguage":"es"}]}},"_links":{"self":[{"href":"https:\/\/rendimientoconciencia.com\/index.php\/wp-json\/wp\/v2\/pages\/28","targetHints":{"allow":["GET"]}}],"collection":[{"href":"https:\/\/rendimientoconciencia.com\/index.php\/wp-json\/wp\/v2\/pages"}],"about":[{"href":"https:\/\/rendimientoconciencia.com\/index.php\/wp-json\/wp\/v2\/types\/page"}],"author":[{"embeddable":true,"href":"https:\/\/rendimientoconciencia.com\/index.php\/wp-json\/wp\/v2\/users\/1"}],"replies":[{"embeddable":true,"href":"https:\/\/rendimientoconciencia.com\/index.php\/wp-json\/wp\/v2\/comments?post=28"}],"version-history":[{"count":20,"href":"https:\/\/rendimientoconciencia.com\/index.php\/wp-json\/wp\/v2\/pages\/28\/revisions"}],"predecessor-version":[{"id":57,"href":"https:\/\/rendimientoconciencia.com\/index.php\/wp-json\/wp\/v2\/pages\/28\/revisions\/57"}],"wp:attachment":[{"href":"https:\/\/rendimientoconciencia.com\/index.php\/wp-json\/wp\/v2\/media?parent=28"}],"curies":[{"name":"wp","href":"https:\/\/api.w.org\/{rel}","templated":true}]}}